{"id":114,"date":"2024-02-15T15:55:18","date_gmt":"2024-02-15T21:55:18","guid":{"rendered":"https:\/\/eamhr.com\/?page_id=114"},"modified":"2024-02-16T11:22:33","modified_gmt":"2024-02-16T17:22:33","slug":"candidates-search","status":"publish","type":"page","link":"https:\/\/www.eamhr.com\/es\/services\/candidates-search\/","title":{"rendered":"Reclutamiento"},"content":{"rendered":"<section class=\"l-section wpb_row us_custom_a518f36e us_animate_this height_large with_img parallax_ver\"><div class=\"l-section-img\" role=\"img\" data-img-width=\"1920\" data-img-height=\"1280\" style=\"background-image: url(https:\/\/www.eamhr.com\/archivos\/2024\/02\/cover.webp);background-repeat: no-repeat;\"><\/div><div class=\"l-section-overlay\" style=\"background:rgba(0,0,0,0.35)\"><\/div><div class=\"l-section-h i-cf\"><div class=\"g-cols vc_row via_flex valign_top type_default stacking_default\"><div class=\"vc_col-sm-2 wpb_column vc_column_container\"><div class=\"vc_column-inner\"><div class=\"wpb_wrapper\"><\/div><\/div><\/div><div class=\"vc_col-sm-8 wpb_column vc_column_container\"><div class=\"vc_column-inner\"><div class=\"wpb_wrapper\"><p class=\"w-text us_custom_60b5b499 has_text_color us_animate_this\"><span class=\"w-text-h\"><span class=\"w-text-value\">Servicios<\/span><\/span><\/p><nav class=\"g-breadcrumbs us_custom_61551293 has_text_color us_animate_this separator_icon align_none\" itemscope itemtype=\"http:\/\/schema.org\/BreadcrumbList\"><div class=\"g-breadcrumbs-item\" itemscope itemprop=\"itemListElement\" itemtype=\"http:\/\/schema.org\/ListItem\"><a itemprop=\"item\" href=\"https:\/\/www.eamhr.com\/es\/\"><span itemprop=\"name\">Inicio<\/span><\/a><meta itemprop=\"position\" content=\"1\"\/><\/div><div class=\"g-breadcrumbs-separator\"><i class=\"far fa-angle-right\"><\/i><\/div><div class=\"g-breadcrumbs-item\">P\u00e1ginas<\/div><\/nav><\/div><\/div><\/div><div class=\"vc_col-sm-2 wpb_column vc_column_container\"><div class=\"vc_column-inner\"><div class=\"wpb_wrapper\"><\/div><\/div><\/div><\/div><\/div><\/section><section class=\"l-section wpb_row height_large\"><div class=\"l-section-h i-cf\"><div class=\"g-cols vc_row via_flex valign_top type_default stacking_default\"><div class=\"vc_col-sm-12 wpb_column vc_column_container\"><div class=\"vc_column-inner\"><div class=\"wpb_wrapper\"><div class=\"w-separator hide_on_default hide_on_laptops size_medium\"><\/div><div class=\"g-cols wpb_row via_flex valign_top type_default stacking_default\"><div class=\"vc_col-sm-8 wpb_column vc_column_container\"><div class=\"vc_column-inner us_custom_4ef5d869 us_animate_this\"><div class=\"wpb_wrapper\"><div class=\"w-image align_none\"><div class=\"w-image-h\"><img loading=\"lazy\" decoding=\"async\" width=\"1024\" height=\"512\" src=\"https:\/\/www.eamhr.com\/archivos\/2024\/02\/service-candidates-1024x512.webp\" class=\"attachment-large size-large\" alt=\"\" srcset=\"https:\/\/www.eamhr.com\/archivos\/2024\/02\/service-candidates-1024x512.webp 1024w, https:\/\/www.eamhr.com\/archivos\/2024\/02\/service-candidates-300x150.webp 300w, https:\/\/www.eamhr.com\/archivos\/2024\/02\/service-candidates-18x9.webp 18w, https:\/\/www.eamhr.com\/archivos\/2024\/02\/service-candidates.webp 1920w\" sizes=\"auto, (max-width: 1024px) 100vw, 1024px\" \/><\/div><\/div><div class=\"w-separator size_medium\"><\/div><h2 class=\"w-post-elm post_title us_custom_020cd594 has_text_color entry-title color_link_inherit\">Reclutamiento<\/h2><div class=\"wpb_text_column\"><div class=\"wpb_wrapper\"><p>En EAM HR sabemos lo importante que es encontrar el talento adecuado para su organizaci\u00f3n. Es por eso que ofrecemos un completo servicio de <strong>Reclutamiento<\/strong> que va m\u00e1s all\u00e1 de los m\u00e9todos tradicionales de reclutamiento y caza de talentos.<\/p>\n<p>Nuestro servicio de b\u00fasqueda de candidatos se centra activamente en atraer un grupo diverso de candidatos de alto nivel de diversos or\u00edgenes, industrias y ubicaciones.<\/p>\n<p>Utilizamos nuestra amplia red, experiencia y tecnolog\u00eda para identificar, evaluar e interactuar con los candidatos m\u00e1s calificados y adecuados para sus necesidades espec\u00edficas. Ya sea que est\u00e9 buscando un alto ejecutivo, un especialista t\u00e9cnico o un profesional creativo, podemos ayudarlo a encontrar la mejor opci\u00f3n para su equipo y cultura.<\/p>\n<p>A diferencia de otras agencias de reclutamiento, no nos basamos \u00fanicamente en curr\u00edculums y entrevistas para encontrar a los candidatos perfectos. Tambi\u00e9n utilizamos herramientas y t\u00e9cnicas innovadoras para evaluar las habilidades, la personalidad, los valores y el potencial de los candidatos.<\/p>\n<p>Realizamos verificaciones exhaustivas de antecedentes, verificaciones de referencias y pruebas psicom\u00e9tricas para garantizar la integridad, confiabilidad y compatibilidad de los candidatos. Tambi\u00e9n brindamos capacitaci\u00f3n y retroalimentaci\u00f3n a los candidatos para ayudarlos a prepararse para el proceso de entrevista y mostrar sus fortalezas.<\/p>\n<p>Entendemos que contratar no se trata s\u00f3lo de encontrar a la persona adecuada, sino tambi\u00e9n de crear una relaci\u00f3n positiva y duradera con ella. Estamos comprometidos a brindarle el mejor servicio y soporte posible durante todo el proceso de contrataci\u00f3n.<\/p>\n<p>Tambi\u00e9n ofrecemos soporte posterior a la contrataci\u00f3n, como incorporaci\u00f3n, capacitaci\u00f3n y retenci\u00f3n de los nuevos empleados. Somos su socio a largo plazo en la construcci\u00f3n de una fuerza laboral diversa y exitosa.<\/p>\n<p>Cont\u00e1ctenos hoy y perm\u00edtanos ayudarlo a alcanzar sus objetivos de contrataci\u00f3n. Estamos seguros de que quedar\u00e1 impresionado por la calidad y diversidad de los candidatos que podemos encontrar para usted.<\/p>\n<\/div><\/div><div class=\"w-separator size_small\"><\/div><div class=\"w-btn-wrapper align_none\"><a class=\"w-btn us-btn-style_1 icon_atright\" href=\"https:\/\/www.eamhr.com\/es\/contact\/\"><span class=\"w-btn-label\">Obtener Cotizaci\u00f3n<\/span><i class=\"fal fa-long-arrow-right\"><\/i><\/a><\/div><\/div><\/div><\/div><div class=\"vc_col-sm-4 wpb_column vc_column_container  hide_on_tablets hide_on_mobiles\"><div class=\"vc_column-inner us_custom_3e9d1bc9 us_animate_this type_sticky\"><div class=\"wpb_wrapper\"><div class=\"w-vwrapper us_custom_b01fa1bf align_none valign_top\" style=\"--vwrapper-gap:1rem\"><p class=\"w-text us_custom_e51f155c has_text_color\"><span class=\"w-text-h\"><span class=\"w-text-value\">Servicios<\/span><\/span><\/p><nav class=\"w-menu us_custom_85b2d2c9 has_text_color layout_ver style_blocks us_menu_1\" style=\"--main-gap:1rem;--main-ver-indent:18px;--main-hor-indent:20px;--main-bg-color:var(--color-content-bg-alt);--main-color:inherit;--main-hover-color:var(--color-content-primary);--main-active-bg-color:var(--color-content-primary);--main-active-color:#ffffff;\"><ul id=\"menu-services\" class=\"menu\"><li id=\"menu-item-196\" class=\"menu-item menu-item-type-post_type menu-item-object-page menu-item-196\"><a href=\"https:\/\/www.eamhr.com\/es\/services\/candidates-search\/\">Reclutamiento<\/a><\/li><li id=\"menu-item-195\" class=\"menu-item menu-item-type-post_type menu-item-object-page menu-item-195\"><a href=\"https:\/\/www.eamhr.com\/es\/services\/selection-hiring\/\">Selecci\u00f3n<\/a><\/li><li id=\"menu-item-194\" class=\"menu-item menu-item-type-post_type menu-item-object-page menu-item-194\"><a href=\"https:\/\/www.eamhr.com\/es\/services\/human-resources\/\">Recursos Humanos<\/a><\/li><li id=\"menu-item-193\" class=\"menu-item menu-item-type-post_type menu-item-object-page menu-item-193\"><a href=\"https:\/\/www.eamhr.com\/es\/services\/it-consulting\/\">Consultor\u00eda de IT<\/a><\/li><li id=\"menu-item-290\" class=\"menu-item menu-item-type-post_type menu-item-object-page menu-item-290\"><a href=\"https:\/\/www.eamhr.com\/es\/services\/job-references\/\">Referencias laborales<\/a><\/li><\/ul><style>@media ( max-width:600px ){.us_menu_1 .menu{display:block!important}.us_menu_1 .menu>li{margin:0 0 var(--main-gap,1rem)!important}}<\/style><\/nav><\/div><\/div><\/div><\/div><\/div><\/div><\/div><\/div><\/div><\/div><\/section>","protected":false},"excerpt":{"rendered":"ServicesInicioP\u00e1ginasCandidates SearchAt EAM HR, we know how important it is to find the right talent for your organization. That\u2019s why we offer a comprehensive Candidates Search service that goes beyond the traditional methods of recruitment and head hunting. Our Candidates Search service actively focuses on attracting a diverse pool of high level candidates from various...","protected":false},"author":1,"featured_media":16,"parent":111,"menu_order":0,"comment_status":"closed","ping_status":"closed","template":"","meta":{"footnotes":""},"class_list":["post-114","page","type-page","status-publish","has-post-thumbnail","hentry"],"yoast_head":"\n<title>EAM Human Resources | Candidates Search<\/title>\n<meta name=\"robots\" content=\"index, follow, max-snippet:-1, max-image-preview:large, max-video-preview:-1\" \/>\n<link rel=\"canonical\" href=\"https:\/\/www.eamhr.com\/es\/services\/candidates-search\/\" \/>\n<meta property=\"og:locale\" content=\"es_ES\" \/>\n<meta property=\"og:type\" content=\"article\" \/>\n<meta property=\"og:title\" content=\"EAM Human Resources | Candidates Search\" \/>\n<meta property=\"og:url\" content=\"https:\/\/www.eamhr.com\/es\/services\/candidates-search\/\" \/>\n<meta property=\"og:site_name\" content=\"EAM Human Resources\" \/>\n<meta property=\"article:publisher\" content=\"https:\/\/www.facebook.com\/eamhumanresources\/\" \/>\n<meta property=\"article:modified_time\" content=\"2024-02-16T17:22:33+00:00\" \/>\n<meta property=\"og:image\" content=\"https:\/\/www.eamhr.com\/archivos\/2024\/02\/EAM.jpg\" \/>\n\t<meta property=\"og:image:width\" content=\"1200\" \/>\n\t<meta property=\"og:image:height\" content=\"1200\" \/>\n\t<meta property=\"og:image:type\" content=\"image\/jpeg\" \/>\n<meta name=\"twitter:card\" content=\"summary_large_image\" \/>\n<meta name=\"twitter:site\" content=\"@EAMHR\" \/>\n<meta name=\"twitter:label1\" content=\"Tiempo de lectura\" \/>\n\t<meta name=\"twitter:data1\" content=\"3 minutos\" \/>\n<script type=\"application\/ld+json\" class=\"yoast-schema-graph\">{\"@context\":\"https:\/\/schema.org\",\"@graph\":[{\"@type\":\"WebPage\",\"@id\":\"https:\/\/www.eamhr.com\/services\/candidates-search\/\",\"url\":\"https:\/\/www.eamhr.com\/services\/candidates-search\/\",\"name\":\"EAM Human Resources | Candidates Search\",\"isPartOf\":{\"@id\":\"https:\/\/www.eamhr.com\/#website\"},\"primaryImageOfPage\":{\"@id\":\"https:\/\/www.eamhr.com\/services\/candidates-search\/#primaryimage\"},\"image\":{\"@id\":\"https:\/\/www.eamhr.com\/services\/candidates-search\/#primaryimage\"},\"thumbnailUrl\":\"https:\/\/www.eamhr.com\/archivos\/2024\/02\/EAM.jpg\",\"datePublished\":\"2024-02-15T21:55:18+00:00\",\"dateModified\":\"2024-02-16T17:22:33+00:00\",\"breadcrumb\":{\"@id\":\"https:\/\/www.eamhr.com\/services\/candidates-search\/#breadcrumb\"},\"inLanguage\":\"es\",\"potentialAction\":[{\"@type\":\"ReadAction\",\"target\":[\"https:\/\/www.eamhr.com\/services\/candidates-search\/\"]}]},{\"@type\":\"ImageObject\",\"inLanguage\":\"es\",\"@id\":\"https:\/\/www.eamhr.com\/services\/candidates-search\/#primaryimage\",\"url\":\"https:\/\/www.eamhr.com\/archivos\/2024\/02\/EAM.jpg\",\"contentUrl\":\"https:\/\/www.eamhr.com\/archivos\/2024\/02\/EAM.jpg\",\"width\":1200,\"height\":1200,\"caption\":\"Staffing agency in Texas\"},{\"@type\":\"BreadcrumbList\",\"@id\":\"https:\/\/www.eamhr.com\/services\/candidates-search\/#breadcrumb\",\"itemListElement\":[{\"@type\":\"ListItem\",\"position\":1,\"name\":\"Home\",\"item\":\"https:\/\/www.eamhr.com\/\"},{\"@type\":\"ListItem\",\"position\":2,\"name\":\"Services\",\"item\":\"https:\/\/www.eamhr.com\/services\/\"},{\"@type\":\"ListItem\",\"position\":3,\"name\":\"Candidates Search\"}]},{\"@type\":\"WebSite\",\"@id\":\"https:\/\/www.eamhr.com\/#website\",\"url\":\"https:\/\/www.eamhr.com\/\",\"name\":\"EAM Human Resources\",\"description\":\"Human Resources\",\"publisher\":{\"@id\":\"https:\/\/www.eamhr.com\/#organization\"},\"alternateName\":\"Human Resources\",\"potentialAction\":[{\"@type\":\"SearchAction\",\"target\":{\"@type\":\"EntryPoint\",\"urlTemplate\":\"https:\/\/www.eamhr.com\/?s={search_term_string}\"},\"query-input\":{\"@type\":\"PropertyValueSpecification\",\"valueRequired\":true,\"valueName\":\"search_term_string\"}}],\"inLanguage\":\"es\"},{\"@type\":\"Organization\",\"@id\":\"https:\/\/www.eamhr.com\/#organization\",\"name\":\"EAM Human Resources\",\"url\":\"https:\/\/www.eamhr.com\/\",\"logo\":{\"@type\":\"ImageObject\",\"inLanguage\":\"es\",\"@id\":\"https:\/\/www.eamhr.com\/#\/schema\/logo\/image\/\",\"url\":\"https:\/\/eamhr.com\/wp-content\/uploads\/2024\/02\/EAM.jpg\",\"contentUrl\":\"https:\/\/eamhr.com\/wp-content\/uploads\/2024\/02\/EAM.jpg\",\"width\":1200,\"height\":1200,\"caption\":\"EAM Human Resources\"},\"image\":{\"@id\":\"https:\/\/www.eamhr.com\/#\/schema\/logo\/image\/\"},\"sameAs\":[\"https:\/\/www.facebook.com\/eamhumanresources\/\",\"https:\/\/x.com\/EAMHR\",\"http:\/\/linkedin.com\/in\/eam-human-resources-543b0b96\"]}]}<\/script>\n","yoast_head_json":{"title":"EAM Human Resources | Candidates Search","robots":{"index":"index","follow":"follow","max-snippet":"max-snippet:-1","max-image-preview":"max-image-preview:large","max-video-preview":"max-video-preview:-1"},"canonical":"https:\/\/www.eamhr.com\/es\/services\/candidates-search\/","og_locale":"es_ES","og_type":"article","og_title":"EAM Human Resources | Candidates Search","og_url":"https:\/\/www.eamhr.com\/es\/services\/candidates-search\/","og_site_name":"EAM Human Resources","article_publisher":"https:\/\/www.facebook.com\/eamhumanresources\/","article_modified_time":"2024-02-16T17:22:33+00:00","og_image":[{"width":1200,"height":1200,"url":"https:\/\/www.eamhr.com\/archivos\/2024\/02\/EAM.jpg","type":"image\/jpeg"}],"twitter_card":"summary_large_image","twitter_site":"@EAMHR","twitter_misc":{"Tiempo de lectura":"3 minutos"},"schema":{"@context":"https:\/\/schema.org","@graph":[{"@type":"WebPage","@id":"https:\/\/www.eamhr.com\/services\/candidates-search\/","url":"https:\/\/www.eamhr.com\/services\/candidates-search\/","name":"EAM Human Resources | Candidates Search","isPartOf":{"@id":"https:\/\/www.eamhr.com\/#website"},"primaryImageOfPage":{"@id":"https:\/\/www.eamhr.com\/services\/candidates-search\/#primaryimage"},"image":{"@id":"https:\/\/www.eamhr.com\/services\/candidates-search\/#primaryimage"},"thumbnailUrl":"https:\/\/www.eamhr.com\/archivos\/2024\/02\/EAM.jpg","datePublished":"2024-02-15T21:55:18+00:00","dateModified":"2024-02-16T17:22:33+00:00","breadcrumb":{"@id":"https:\/\/www.eamhr.com\/services\/candidates-search\/#breadcrumb"},"inLanguage":"es","potentialAction":[{"@type":"ReadAction","target":["https:\/\/www.eamhr.com\/services\/candidates-search\/"]}]},{"@type":"ImageObject","inLanguage":"es","@id":"https:\/\/www.eamhr.com\/services\/candidates-search\/#primaryimage","url":"https:\/\/www.eamhr.com\/archivos\/2024\/02\/EAM.jpg","contentUrl":"https:\/\/www.eamhr.com\/archivos\/2024\/02\/EAM.jpg","width":1200,"height":1200,"caption":"Staffing agency in Texas"},{"@type":"BreadcrumbList","@id":"https:\/\/www.eamhr.com\/services\/candidates-search\/#breadcrumb","itemListElement":[{"@type":"ListItem","position":1,"name":"Home","item":"https:\/\/www.eamhr.com\/"},{"@type":"ListItem","position":2,"name":"Services","item":"https:\/\/www.eamhr.com\/services\/"},{"@type":"ListItem","position":3,"name":"Candidates Search"}]},{"@type":"WebSite","@id":"https:\/\/www.eamhr.com\/#website","url":"https:\/\/www.eamhr.com\/","name":"EAM Human Resources","description":"Human Resources","publisher":{"@id":"https:\/\/www.eamhr.com\/#organization"},"alternateName":"Human Resources","potentialAction":[{"@type":"SearchAction","target":{"@type":"EntryPoint","urlTemplate":"https:\/\/www.eamhr.com\/?s={search_term_string}"},"query-input":{"@type":"PropertyValueSpecification","valueRequired":true,"valueName":"search_term_string"}}],"inLanguage":"es"},{"@type":"Organization","@id":"https:\/\/www.eamhr.com\/#organization","name":"EAM Human Resources","url":"https:\/\/www.eamhr.com\/","logo":{"@type":"ImageObject","inLanguage":"es","@id":"https:\/\/www.eamhr.com\/#\/schema\/logo\/image\/","url":"https:\/\/eamhr.com\/wp-content\/uploads\/2024\/02\/EAM.jpg","contentUrl":"https:\/\/eamhr.com\/wp-content\/uploads\/2024\/02\/EAM.jpg","width":1200,"height":1200,"caption":"EAM Human Resources"},"image":{"@id":"https:\/\/www.eamhr.com\/#\/schema\/logo\/image\/"},"sameAs":["https:\/\/www.facebook.com\/eamhumanresources\/","https:\/\/x.com\/EAMHR","http:\/\/linkedin.com\/in\/eam-human-resources-543b0b96"]}]}},"_links":{"self":[{"href":"https:\/\/www.eamhr.com\/es\/wp-json\/wp\/v2\/pages\/114","targetHints":{"allow":["GET"]}}],"collection":[{"href":"https:\/\/www.eamhr.com\/es\/wp-json\/wp\/v2\/pages"}],"about":[{"href":"https:\/\/www.eamhr.com\/es\/wp-json\/wp\/v2\/types\/page"}],"author":[{"embeddable":true,"href":"https:\/\/www.eamhr.com\/es\/wp-json\/wp\/v2\/users\/1"}],"replies":[{"embeddable":true,"href":"https:\/\/www.eamhr.com\/es\/wp-json\/wp\/v2\/comments?post=114"}],"version-history":[{"count":0,"href":"https:\/\/www.eamhr.com\/es\/wp-json\/wp\/v2\/pages\/114\/revisions"}],"up":[{"embeddable":true,"href":"https:\/\/www.eamhr.com\/es\/wp-json\/wp\/v2\/pages\/111"}],"wp:featuredmedia":[{"embeddable":true,"href":"https:\/\/www.eamhr.com\/es\/wp-json\/wp\/v2\/media\/16"}],"wp:attachment":[{"href":"https:\/\/www.eamhr.com\/es\/wp-json\/wp\/v2\/media?parent=114"}],"curies":[{"name":"wp","href":"https:\/\/api.w.org\/{rel}","templated":true}]}}