{"id":117,"date":"2024-02-15T15:55:45","date_gmt":"2024-02-15T21:55:45","guid":{"rendered":"https:\/\/eamhr.com\/?page_id=117"},"modified":"2024-02-16T11:23:20","modified_gmt":"2024-02-16T17:23:20","slug":"selection-hiring","status":"publish","type":"page","link":"https:\/\/www.eamhr.com\/es\/services\/selection-hiring\/","title":{"rendered":"Selecci\u00f3n"},"content":{"rendered":"<section class=\"l-section wpb_row us_custom_a518f36e us_animate_this height_large with_img parallax_ver\"><div class=\"l-section-img\" role=\"img\" data-img-width=\"1920\" data-img-height=\"1280\" style=\"background-image: url(https:\/\/www.eamhr.com\/archivos\/2024\/02\/cover.webp);background-repeat: no-repeat;\"><\/div><div class=\"l-section-overlay\" style=\"background:rgba(0,0,0,0.35)\"><\/div><div class=\"l-section-h i-cf\"><div class=\"g-cols vc_row via_flex valign_top type_default stacking_default\"><div class=\"vc_col-sm-2 wpb_column vc_column_container\"><div class=\"vc_column-inner\"><div class=\"wpb_wrapper\"><\/div><\/div><\/div><div class=\"vc_col-sm-8 wpb_column vc_column_container\"><div class=\"vc_column-inner\"><div class=\"wpb_wrapper\"><p class=\"w-text us_custom_60b5b499 has_text_color us_animate_this\"><span class=\"w-text-h\"><span class=\"w-text-value\">Servicios<\/span><\/span><\/p><nav class=\"g-breadcrumbs us_custom_61551293 has_text_color us_animate_this separator_icon align_none\" itemscope itemtype=\"http:\/\/schema.org\/BreadcrumbList\"><div class=\"g-breadcrumbs-item\" itemscope itemprop=\"itemListElement\" itemtype=\"http:\/\/schema.org\/ListItem\"><a itemprop=\"item\" href=\"https:\/\/www.eamhr.com\/es\/\"><span itemprop=\"name\">Inicio<\/span><\/a><meta itemprop=\"position\" content=\"1\"\/><\/div><div class=\"g-breadcrumbs-separator\"><i class=\"far fa-angle-right\"><\/i><\/div><div class=\"g-breadcrumbs-item\">P\u00e1ginas<\/div><\/nav><\/div><\/div><\/div><div class=\"vc_col-sm-2 wpb_column vc_column_container\"><div class=\"vc_column-inner\"><div class=\"wpb_wrapper\"><\/div><\/div><\/div><\/div><\/div><\/section><section class=\"l-section wpb_row height_large\"><div class=\"l-section-h i-cf\"><div class=\"g-cols vc_row via_flex valign_top type_default stacking_default\"><div class=\"vc_col-sm-12 wpb_column vc_column_container\"><div class=\"vc_column-inner\"><div class=\"wpb_wrapper\"><div class=\"w-separator hide_on_default hide_on_laptops size_medium\"><\/div><div class=\"g-cols wpb_row via_flex valign_top type_default stacking_default\"><div class=\"vc_col-sm-8 wpb_column vc_column_container\"><div class=\"vc_column-inner us_custom_4ef5d869 us_animate_this\"><div class=\"wpb_wrapper\"><div class=\"w-image align_none\"><div class=\"w-image-h\"><img loading=\"lazy\" decoding=\"async\" width=\"1024\" height=\"512\" src=\"https:\/\/www.eamhr.com\/archivos\/2024\/02\/talent-1024x512.webp\" class=\"attachment-large size-large\" alt=\"\" srcset=\"https:\/\/www.eamhr.com\/archivos\/2024\/02\/talent-1024x512.webp 1024w, https:\/\/www.eamhr.com\/archivos\/2024\/02\/talent-300x150.webp 300w, https:\/\/www.eamhr.com\/archivos\/2024\/02\/talent-18x9.webp 18w, https:\/\/www.eamhr.com\/archivos\/2024\/02\/talent.webp 1920w\" sizes=\"auto, (max-width: 1024px) 100vw, 1024px\" \/><\/div><\/div><div class=\"w-separator size_medium\"><\/div><h2 class=\"w-post-elm post_title us_custom_020cd594 has_text_color entry-title color_link_inherit\">Selecci\u00f3n<\/h2><div class=\"wpb_text_column\"><div class=\"wpb_wrapper\"><p>En EAM HR sabemos lo importante que es encontrar las personas adecuadas para su organizaci\u00f3n. Por eso ofrecemos un servicio completo y personalizado de <strong>selecci\u00f3n y contrataci\u00f3n<\/strong>, donde nos encargamos de todo, desde la b\u00fasqueda inicial hasta la integraci\u00f3n final.<\/p>\n<p>Evaluamos, seleccionamos e integramos candidatos a su organizaci\u00f3n, en base a sus necesidades y criterios espec\u00edficos. Utilizamos una variedad de t\u00e9cnicas y enfoques, como entrevistas, centros de evaluaci\u00f3n y verificaci\u00f3n de referencias, para asegurarnos de encontrar la mejor opci\u00f3n para cada puesto y funci\u00f3n.<\/p>\n<p>Tambi\u00e9n brindamos apoyo y orientaci\u00f3n tanto a los candidatos como a los gerentes de contrataci\u00f3n durante todo el proceso, para garantizar una experiencia fluida y positiva para todos los involucrados. Nos encargamos de todos los aspectos administrativos y legales del proceso de contrataci\u00f3n, como contratos, beneficios y cumplimiento.<\/p>\n<p>Ya sea que necesite cubrir un puesto temporal, permanente o ejecutivo, tenemos la experiencia y la red para ayudarlo a encontrar al candidato ideal. Trabajamos con clientes de diferentes industrias y sectores, y contamos con un grupo diverso y calificado de candidatos listos para unirse a su equipo.<\/p>\n<p>En EAM HR somos m\u00e1s que una agencia de reclutamiento. Somos su socio estrat\u00e9gico en recursos humanos y estamos comprometidos a ayudarlo a alcanzar sus objetivos y visi\u00f3n organizacional. Cont\u00e1ctenos hoy y perm\u00edtanos ayudarlo a encontrar el talento que necesita.<\/p>\n<\/div><\/div><div class=\"w-separator size_small\"><\/div><div class=\"w-btn-wrapper align_none\"><a class=\"w-btn us-btn-style_1 icon_atright\" href=\"https:\/\/www.eamhr.com\/es\/contact\/\"><span class=\"w-btn-label\">Obtener Cotizaci\u00f3n<\/span><i class=\"fal fa-long-arrow-right\"><\/i><\/a><\/div><\/div><\/div><\/div><div class=\"vc_col-sm-4 wpb_column vc_column_container  hide_on_tablets hide_on_mobiles\"><div class=\"vc_column-inner us_custom_3e9d1bc9 us_animate_this type_sticky\"><div class=\"wpb_wrapper\"><div class=\"w-vwrapper us_custom_b01fa1bf align_none valign_top\" style=\"--vwrapper-gap:1rem\"><p class=\"w-text us_custom_e51f155c has_text_color\"><span class=\"w-text-h\"><span class=\"w-text-value\">Servicios<\/span><\/span><\/p><nav class=\"w-menu us_custom_85b2d2c9 has_text_color layout_ver style_blocks us_menu_1\" style=\"--main-gap:1rem;--main-ver-indent:18px;--main-hor-indent:20px;--main-bg-color:var(--color-content-bg-alt);--main-color:inherit;--main-hover-color:var(--color-content-primary);--main-active-bg-color:var(--color-content-primary);--main-active-color:#ffffff;\"><ul id=\"menu-services\" class=\"menu\"><li id=\"menu-item-196\" class=\"menu-item menu-item-type-post_type menu-item-object-page menu-item-196\"><a href=\"https:\/\/www.eamhr.com\/es\/services\/candidates-search\/\">Reclutamiento<\/a><\/li><li id=\"menu-item-195\" class=\"menu-item menu-item-type-post_type menu-item-object-page menu-item-195\"><a href=\"https:\/\/www.eamhr.com\/es\/services\/selection-hiring\/\">Selecci\u00f3n<\/a><\/li><li id=\"menu-item-194\" class=\"menu-item menu-item-type-post_type menu-item-object-page menu-item-194\"><a href=\"https:\/\/www.eamhr.com\/es\/services\/human-resources\/\">Recursos Humanos<\/a><\/li><li id=\"menu-item-193\" class=\"menu-item menu-item-type-post_type menu-item-object-page menu-item-193\"><a href=\"https:\/\/www.eamhr.com\/es\/services\/it-consulting\/\">Consultor\u00eda de IT<\/a><\/li><li id=\"menu-item-290\" class=\"menu-item menu-item-type-post_type menu-item-object-page menu-item-290\"><a href=\"https:\/\/www.eamhr.com\/es\/services\/job-references\/\">Referencias laborales<\/a><\/li><\/ul><style>@media ( max-width:600px ){.us_menu_1 .menu{display:block!important}.us_menu_1 .menu>li{margin:0 0 var(--main-gap,1rem)!important}}<\/style><\/nav><\/div><\/div><\/div><\/div><\/div><\/div><\/div><\/div><\/div><\/div><\/section>","protected":false},"excerpt":{"rendered":"ServicesInicioP\u00e1ginasSelection &#038; HiringAt EAM HR, we know how important it is to find the right people for your organization. That\u2019s why we offer a complete and tailored service of selection and hiring, where we handle everything from the initial search to the final integration. We evaluate, select and integrate candidates into your organization, based on...","protected":false},"author":1,"featured_media":0,"parent":111,"menu_order":0,"comment_status":"closed","ping_status":"closed","template":"","meta":{"footnotes":""},"class_list":["post-117","page","type-page","status-publish","hentry"],"yoast_head":"\n<title>EAM Human Resources | Selection &amp; Hiring<\/title>\n<meta name=\"robots\" content=\"index, follow, max-snippet:-1, max-image-preview:large, max-video-preview:-1\" \/>\n<link rel=\"canonical\" href=\"https:\/\/www.eamhr.com\/es\/services\/selection-hiring\/\" \/>\n<meta property=\"og:locale\" content=\"es_ES\" \/>\n<meta property=\"og:type\" content=\"article\" \/>\n<meta property=\"og:title\" content=\"EAM Human Resources | Selection &amp; Hiring\" \/>\n<meta property=\"og:url\" content=\"https:\/\/www.eamhr.com\/es\/services\/selection-hiring\/\" \/>\n<meta property=\"og:site_name\" content=\"EAM Human Resources\" \/>\n<meta property=\"article:publisher\" content=\"https:\/\/www.facebook.com\/eamhumanresources\/\" \/>\n<meta property=\"article:modified_time\" content=\"2024-02-16T17:23:20+00:00\" \/>\n<meta name=\"twitter:card\" content=\"summary_large_image\" \/>\n<meta name=\"twitter:site\" content=\"@EAMHR\" \/>\n<meta name=\"twitter:label1\" content=\"Tiempo de lectura\" \/>\n\t<meta name=\"twitter:data1\" content=\"2 minutos\" \/>\n<script type=\"application\/ld+json\" class=\"yoast-schema-graph\">{\"@context\":\"https:\/\/schema.org\",\"@graph\":[{\"@type\":\"WebPage\",\"@id\":\"https:\/\/www.eamhr.com\/services\/selection-hiring\/\",\"url\":\"https:\/\/www.eamhr.com\/services\/selection-hiring\/\",\"name\":\"EAM Human Resources | Selection & Hiring\",\"isPartOf\":{\"@id\":\"https:\/\/www.eamhr.com\/#website\"},\"datePublished\":\"2024-02-15T21:55:45+00:00\",\"dateModified\":\"2024-02-16T17:23:20+00:00\",\"breadcrumb\":{\"@id\":\"https:\/\/www.eamhr.com\/services\/selection-hiring\/#breadcrumb\"},\"inLanguage\":\"es\",\"potentialAction\":[{\"@type\":\"ReadAction\",\"target\":[\"https:\/\/www.eamhr.com\/services\/selection-hiring\/\"]}]},{\"@type\":\"BreadcrumbList\",\"@id\":\"https:\/\/www.eamhr.com\/services\/selection-hiring\/#breadcrumb\",\"itemListElement\":[{\"@type\":\"ListItem\",\"position\":1,\"name\":\"Home\",\"item\":\"https:\/\/www.eamhr.com\/\"},{\"@type\":\"ListItem\",\"position\":2,\"name\":\"Services\",\"item\":\"https:\/\/www.eamhr.com\/services\/\"},{\"@type\":\"ListItem\",\"position\":3,\"name\":\"Selection &#038; Hiring\"}]},{\"@type\":\"WebSite\",\"@id\":\"https:\/\/www.eamhr.com\/#website\",\"url\":\"https:\/\/www.eamhr.com\/\",\"name\":\"EAM Human Resources\",\"description\":\"Human Resources\",\"publisher\":{\"@id\":\"https:\/\/www.eamhr.com\/#organization\"},\"alternateName\":\"Human Resources\",\"potentialAction\":[{\"@type\":\"SearchAction\",\"target\":{\"@type\":\"EntryPoint\",\"urlTemplate\":\"https:\/\/www.eamhr.com\/?s={search_term_string}\"},\"query-input\":{\"@type\":\"PropertyValueSpecification\",\"valueRequired\":true,\"valueName\":\"search_term_string\"}}],\"inLanguage\":\"es\"},{\"@type\":\"Organization\",\"@id\":\"https:\/\/www.eamhr.com\/#organization\",\"name\":\"EAM Human Resources\",\"url\":\"https:\/\/www.eamhr.com\/\",\"logo\":{\"@type\":\"ImageObject\",\"inLanguage\":\"es\",\"@id\":\"https:\/\/www.eamhr.com\/#\/schema\/logo\/image\/\",\"url\":\"https:\/\/eamhr.com\/wp-content\/uploads\/2024\/02\/EAM.jpg\",\"contentUrl\":\"https:\/\/eamhr.com\/wp-content\/uploads\/2024\/02\/EAM.jpg\",\"width\":1200,\"height\":1200,\"caption\":\"EAM Human Resources\"},\"image\":{\"@id\":\"https:\/\/www.eamhr.com\/#\/schema\/logo\/image\/\"},\"sameAs\":[\"https:\/\/www.facebook.com\/eamhumanresources\/\",\"https:\/\/x.com\/EAMHR\",\"http:\/\/linkedin.com\/in\/eam-human-resources-543b0b96\"]}]}<\/script>\n","yoast_head_json":{"title":"EAM Human Resources | Selection & Hiring","robots":{"index":"index","follow":"follow","max-snippet":"max-snippet:-1","max-image-preview":"max-image-preview:large","max-video-preview":"max-video-preview:-1"},"canonical":"https:\/\/www.eamhr.com\/es\/services\/selection-hiring\/","og_locale":"es_ES","og_type":"article","og_title":"EAM Human Resources | Selection & Hiring","og_url":"https:\/\/www.eamhr.com\/es\/services\/selection-hiring\/","og_site_name":"EAM Human Resources","article_publisher":"https:\/\/www.facebook.com\/eamhumanresources\/","article_modified_time":"2024-02-16T17:23:20+00:00","twitter_card":"summary_large_image","twitter_site":"@EAMHR","twitter_misc":{"Tiempo de lectura":"2 minutos"},"schema":{"@context":"https:\/\/schema.org","@graph":[{"@type":"WebPage","@id":"https:\/\/www.eamhr.com\/services\/selection-hiring\/","url":"https:\/\/www.eamhr.com\/services\/selection-hiring\/","name":"EAM Human Resources | Selection & Hiring","isPartOf":{"@id":"https:\/\/www.eamhr.com\/#website"},"datePublished":"2024-02-15T21:55:45+00:00","dateModified":"2024-02-16T17:23:20+00:00","breadcrumb":{"@id":"https:\/\/www.eamhr.com\/services\/selection-hiring\/#breadcrumb"},"inLanguage":"es","potentialAction":[{"@type":"ReadAction","target":["https:\/\/www.eamhr.com\/services\/selection-hiring\/"]}]},{"@type":"BreadcrumbList","@id":"https:\/\/www.eamhr.com\/services\/selection-hiring\/#breadcrumb","itemListElement":[{"@type":"ListItem","position":1,"name":"Home","item":"https:\/\/www.eamhr.com\/"},{"@type":"ListItem","position":2,"name":"Services","item":"https:\/\/www.eamhr.com\/services\/"},{"@type":"ListItem","position":3,"name":"Selection &#038; Hiring"}]},{"@type":"WebSite","@id":"https:\/\/www.eamhr.com\/#website","url":"https:\/\/www.eamhr.com\/","name":"EAM Human Resources","description":"Human Resources","publisher":{"@id":"https:\/\/www.eamhr.com\/#organization"},"alternateName":"Human Resources","potentialAction":[{"@type":"SearchAction","target":{"@type":"EntryPoint","urlTemplate":"https:\/\/www.eamhr.com\/?s={search_term_string}"},"query-input":{"@type":"PropertyValueSpecification","valueRequired":true,"valueName":"search_term_string"}}],"inLanguage":"es"},{"@type":"Organization","@id":"https:\/\/www.eamhr.com\/#organization","name":"EAM Human Resources","url":"https:\/\/www.eamhr.com\/","logo":{"@type":"ImageObject","inLanguage":"es","@id":"https:\/\/www.eamhr.com\/#\/schema\/logo\/image\/","url":"https:\/\/eamhr.com\/wp-content\/uploads\/2024\/02\/EAM.jpg","contentUrl":"https:\/\/eamhr.com\/wp-content\/uploads\/2024\/02\/EAM.jpg","width":1200,"height":1200,"caption":"EAM Human Resources"},"image":{"@id":"https:\/\/www.eamhr.com\/#\/schema\/logo\/image\/"},"sameAs":["https:\/\/www.facebook.com\/eamhumanresources\/","https:\/\/x.com\/EAMHR","http:\/\/linkedin.com\/in\/eam-human-resources-543b0b96"]}]}},"_links":{"self":[{"href":"https:\/\/www.eamhr.com\/es\/wp-json\/wp\/v2\/pages\/117","targetHints":{"allow":["GET"]}}],"collection":[{"href":"https:\/\/www.eamhr.com\/es\/wp-json\/wp\/v2\/pages"}],"about":[{"href":"https:\/\/www.eamhr.com\/es\/wp-json\/wp\/v2\/types\/page"}],"author":[{"embeddable":true,"href":"https:\/\/www.eamhr.com\/es\/wp-json\/wp\/v2\/users\/1"}],"replies":[{"embeddable":true,"href":"https:\/\/www.eamhr.com\/es\/wp-json\/wp\/v2\/comments?post=117"}],"version-history":[{"count":0,"href":"https:\/\/www.eamhr.com\/es\/wp-json\/wp\/v2\/pages\/117\/revisions"}],"up":[{"embeddable":true,"href":"https:\/\/www.eamhr.com\/es\/wp-json\/wp\/v2\/pages\/111"}],"wp:attachment":[{"href":"https:\/\/www.eamhr.com\/es\/wp-json\/wp\/v2\/media?parent=117"}],"curies":[{"name":"wp","href":"https:\/\/api.w.org\/{rel}","templated":true}]}}