{"id":120,"date":"2024-02-15T15:56:19","date_gmt":"2024-02-15T21:56:19","guid":{"rendered":"https:\/\/eamhr.com\/?page_id=120"},"modified":"2024-02-16T11:23:03","modified_gmt":"2024-02-16T17:23:03","slug":"human-resources","status":"publish","type":"page","link":"https:\/\/www.eamhr.com\/es\/services\/human-resources\/","title":{"rendered":"Recursos Humanos"},"content":{"rendered":"<section class=\"l-section wpb_row us_custom_a518f36e us_animate_this height_large with_img parallax_ver\"><div class=\"l-section-img\" role=\"img\" data-img-width=\"1920\" data-img-height=\"1280\" style=\"background-image: url(https:\/\/www.eamhr.com\/archivos\/2024\/02\/cover.webp);background-repeat: no-repeat;\"><\/div><div class=\"l-section-overlay\" style=\"background:rgba(0,0,0,0.35)\"><\/div><div class=\"l-section-h i-cf\"><div class=\"g-cols vc_row via_flex valign_top type_default stacking_default\"><div class=\"vc_col-sm-2 wpb_column vc_column_container\"><div class=\"vc_column-inner\"><div class=\"wpb_wrapper\"><\/div><\/div><\/div><div class=\"vc_col-sm-8 wpb_column vc_column_container\"><div class=\"vc_column-inner\"><div class=\"wpb_wrapper\"><p class=\"w-text us_custom_60b5b499 has_text_color us_animate_this\"><span class=\"w-text-h\"><span class=\"w-text-value\">Servicios<\/span><\/span><\/p><nav class=\"g-breadcrumbs us_custom_61551293 has_text_color us_animate_this separator_icon align_none\" itemscope itemtype=\"http:\/\/schema.org\/BreadcrumbList\"><div class=\"g-breadcrumbs-item\" itemscope itemprop=\"itemListElement\" itemtype=\"http:\/\/schema.org\/ListItem\"><a itemprop=\"item\" href=\"https:\/\/www.eamhr.com\/es\/\"><span itemprop=\"name\">Inicio<\/span><\/a><meta itemprop=\"position\" content=\"1\"\/><\/div><div class=\"g-breadcrumbs-separator\"><i class=\"far fa-angle-right\"><\/i><\/div><div class=\"g-breadcrumbs-item\">P\u00e1ginas<\/div><\/nav><\/div><\/div><\/div><div class=\"vc_col-sm-2 wpb_column vc_column_container\"><div class=\"vc_column-inner\"><div class=\"wpb_wrapper\"><\/div><\/div><\/div><\/div><\/div><\/section><section class=\"l-section wpb_row height_large\"><div class=\"l-section-h i-cf\"><div class=\"g-cols vc_row via_flex valign_top type_default stacking_default\"><div class=\"vc_col-sm-12 wpb_column vc_column_container\"><div class=\"vc_column-inner\"><div class=\"wpb_wrapper\"><div class=\"w-separator hide_on_default hide_on_laptops size_medium\"><\/div><div class=\"g-cols wpb_row via_flex valign_top type_default stacking_default\"><div class=\"vc_col-sm-8 wpb_column vc_column_container\"><div class=\"vc_column-inner us_custom_4ef5d869 us_animate_this\"><div class=\"wpb_wrapper\"><div class=\"w-image align_none\"><div class=\"w-image-h\"><img loading=\"lazy\" decoding=\"async\" width=\"1024\" height=\"512\" src=\"https:\/\/www.eamhr.com\/archivos\/2024\/02\/service-hr-1024x512.webp\" class=\"attachment-large size-large\" alt=\"\" srcset=\"https:\/\/www.eamhr.com\/archivos\/2024\/02\/service-hr-1024x512.webp 1024w, https:\/\/www.eamhr.com\/archivos\/2024\/02\/service-hr-300x150.webp 300w, https:\/\/www.eamhr.com\/archivos\/2024\/02\/service-hr-18x9.webp 18w, https:\/\/www.eamhr.com\/archivos\/2024\/02\/service-hr.webp 1920w\" sizes=\"auto, (max-width: 1024px) 100vw, 1024px\" \/><\/div><\/div><div class=\"w-separator size_medium\"><\/div><h2 class=\"w-post-elm post_title us_custom_020cd594 has_text_color entry-title color_link_inherit\">Recursos Humanos<\/h2><div class=\"wpb_text_column\"><div class=\"wpb_wrapper\"><p>En EAM HR, redefinimos el panorama de servicio de <strong>Recursos Humanos<\/strong> para satisfacer las necesidades din\u00e1micas de las empresas modernas. Nuestro conjunto integral de ofertas abarca un amplio espectro de funciones esenciales de recursos humanos, lo que garantiza que su organizaci\u00f3n prospere en el panorama profesional en constante evoluci\u00f3n.<\/p>\n<p>Nos especializamos en evaluaciones psicom\u00e9tricas, utilizando herramientas y metodolog\u00edas de vanguardia para medir las fortalezas, capacidades y potencial de su fuerza laboral. Nuestro an\u00e1lisis en profundidad le permite tomar decisiones informadas en la adquisici\u00f3n de talento, el desarrollo de los empleados y la optimizaci\u00f3n del equipo, fomentando un ambiente de trabajo que valora y maximiza el potencial individual y colectivo.<\/p>\n<p>En el \u00e1mbito de los estudios del entorno profesional, EAM HR proporciona una comprensi\u00f3n matizada de la din\u00e1mica organizacional. A trav\u00e9s de un an\u00e1lisis meticuloso, identificamos factores clave que influyen en la cultura, la colaboraci\u00f3n y la eficiencia general del lugar de trabajo.<\/p>\n<p>Nuestra experiencia se extiende a la gesti\u00f3n de n\u00f3minas, en EAM HR garantizamos un procesamiento de n\u00f3minas fluido, aprovechando sistemas avanzados para manejar c\u00e1lculos complejos, cumplimiento tributario y desembolsos oportunos. Al confiarnos sus necesidades de n\u00f3mina, puede redirigir su atenci\u00f3n hacia iniciativas comerciales estrat\u00e9gicas mientras nosotros nos ocupamos de las complejidades de la gesti\u00f3n de compensaciones.<\/p>\n<p>La evaluaci\u00f3n del desempe\u00f1o es otra piedra angular de nuestros servicios, dise\u00f1ada para brindar una comprensi\u00f3n integral de las contribuciones individuales y de equipo. EAM HR emplea un enfoque hol\u00edstico, integrando evaluaciones tanto cuantitativas como cualitativas para ofrecer una perspectiva matizada sobre el desempe\u00f1o de los empleados.<\/p>\n<p>Con EAM HR a su lado, puede optimizar su capital humano, fomentar un entorno profesional propicio e impulsar su negocio hacia un \u00e9xito sostenido. \u00a1Cont\u00e1ctenos hoy para impulsar su negocio!<\/p>\n<\/div><\/div><div class=\"w-separator size_small\"><\/div><div class=\"w-btn-wrapper align_none\"><a class=\"w-btn us-btn-style_1 icon_atright\" href=\"https:\/\/www.eamhr.com\/es\/contact\/\"><span class=\"w-btn-label\">Obtener Cotizaci\u00f3n<\/span><i class=\"fal fa-long-arrow-right\"><\/i><\/a><\/div><\/div><\/div><\/div><div class=\"vc_col-sm-4 wpb_column vc_column_container  hide_on_tablets hide_on_mobiles\"><div class=\"vc_column-inner us_custom_3e9d1bc9 us_animate_this type_sticky\"><div class=\"wpb_wrapper\"><div class=\"w-vwrapper us_custom_b01fa1bf align_none valign_top\" style=\"--vwrapper-gap:1rem\"><p class=\"w-text us_custom_e51f155c has_text_color\"><span class=\"w-text-h\"><span class=\"w-text-value\">Servicios<\/span><\/span><\/p><nav class=\"w-menu us_custom_85b2d2c9 has_text_color layout_ver style_blocks us_menu_1\" style=\"--main-gap:1rem;--main-ver-indent:18px;--main-hor-indent:20px;--main-bg-color:var(--color-content-bg-alt);--main-color:inherit;--main-hover-color:var(--color-content-primary);--main-active-bg-color:var(--color-content-primary);--main-active-color:#ffffff;\"><ul id=\"menu-services\" class=\"menu\"><li id=\"menu-item-196\" class=\"menu-item menu-item-type-post_type menu-item-object-page menu-item-196\"><a href=\"https:\/\/www.eamhr.com\/es\/services\/candidates-search\/\">Reclutamiento<\/a><\/li><li id=\"menu-item-195\" class=\"menu-item menu-item-type-post_type menu-item-object-page menu-item-195\"><a href=\"https:\/\/www.eamhr.com\/es\/services\/selection-hiring\/\">Selecci\u00f3n<\/a><\/li><li id=\"menu-item-194\" class=\"menu-item menu-item-type-post_type menu-item-object-page menu-item-194\"><a href=\"https:\/\/www.eamhr.com\/es\/services\/human-resources\/\">Recursos Humanos<\/a><\/li><li id=\"menu-item-193\" class=\"menu-item menu-item-type-post_type menu-item-object-page menu-item-193\"><a href=\"https:\/\/www.eamhr.com\/es\/services\/it-consulting\/\">Consultor\u00eda de IT<\/a><\/li><li id=\"menu-item-290\" class=\"menu-item menu-item-type-post_type menu-item-object-page menu-item-290\"><a href=\"https:\/\/www.eamhr.com\/es\/services\/job-references\/\">Referencias laborales<\/a><\/li><\/ul><style>@media ( max-width:600px ){.us_menu_1 .menu{display:block!important}.us_menu_1 .menu>li{margin:0 0 var(--main-gap,1rem)!important}}<\/style><\/nav><\/div><\/div><\/div><\/div><\/div><\/div><\/div><\/div><\/div><\/div><\/section>","protected":false},"excerpt":{"rendered":"ServicesInicioP\u00e1ginasHuman ResourcesAt EAM HR, we redefine the landscape of Human Resources services to meet the dynamic needs of modern businesses. Our comprehensive suite of offerings encompasses a broad spectrum of essential HR functions, ensuring that your organization thrives in the ever-evolving professional landscape. We specialize in psychometric assessments, utilizing cutting-edge tools and methodologies to gauge...","protected":false},"author":1,"featured_media":16,"parent":111,"menu_order":0,"comment_status":"closed","ping_status":"closed","template":"","meta":{"footnotes":""},"class_list":["post-120","page","type-page","status-publish","has-post-thumbnail","hentry"],"yoast_head":"\n<title>EAM Human Resources | Human Resources<\/title>\n<meta name=\"robots\" content=\"index, follow, max-snippet:-1, max-image-preview:large, max-video-preview:-1\" \/>\n<link rel=\"canonical\" href=\"https:\/\/www.eamhr.com\/es\/services\/human-resources\/\" \/>\n<meta property=\"og:locale\" content=\"es_ES\" \/>\n<meta property=\"og:type\" content=\"article\" \/>\n<meta property=\"og:title\" content=\"EAM Human Resources | Human Resources\" \/>\n<meta property=\"og:url\" content=\"https:\/\/www.eamhr.com\/es\/services\/human-resources\/\" \/>\n<meta property=\"og:site_name\" content=\"EAM Human Resources\" \/>\n<meta property=\"article:publisher\" content=\"https:\/\/www.facebook.com\/eamhumanresources\/\" \/>\n<meta property=\"article:modified_time\" content=\"2024-02-16T17:23:03+00:00\" \/>\n<meta property=\"og:image\" content=\"https:\/\/www.eamhr.com\/archivos\/2024\/02\/EAM.jpg\" \/>\n\t<meta property=\"og:image:width\" content=\"1200\" \/>\n\t<meta property=\"og:image:height\" content=\"1200\" \/>\n\t<meta property=\"og:image:type\" content=\"image\/jpeg\" \/>\n<meta name=\"twitter:card\" content=\"summary_large_image\" \/>\n<meta name=\"twitter:site\" content=\"@EAMHR\" \/>\n<meta name=\"twitter:label1\" content=\"Tiempo de lectura\" \/>\n\t<meta name=\"twitter:data1\" content=\"2 minutos\" \/>\n<script type=\"application\/ld+json\" class=\"yoast-schema-graph\">{\"@context\":\"https:\/\/schema.org\",\"@graph\":[{\"@type\":\"WebPage\",\"@id\":\"https:\/\/www.eamhr.com\/services\/human-resources\/\",\"url\":\"https:\/\/www.eamhr.com\/services\/human-resources\/\",\"name\":\"EAM Human Resources | Human Resources\",\"isPartOf\":{\"@id\":\"https:\/\/www.eamhr.com\/#website\"},\"primaryImageOfPage\":{\"@id\":\"https:\/\/www.eamhr.com\/services\/human-resources\/#primaryimage\"},\"image\":{\"@id\":\"https:\/\/www.eamhr.com\/services\/human-resources\/#primaryimage\"},\"thumbnailUrl\":\"https:\/\/www.eamhr.com\/archivos\/2024\/02\/EAM.jpg\",\"datePublished\":\"2024-02-15T21:56:19+00:00\",\"dateModified\":\"2024-02-16T17:23:03+00:00\",\"breadcrumb\":{\"@id\":\"https:\/\/www.eamhr.com\/services\/human-resources\/#breadcrumb\"},\"inLanguage\":\"es\",\"potentialAction\":[{\"@type\":\"ReadAction\",\"target\":[\"https:\/\/www.eamhr.com\/services\/human-resources\/\"]}]},{\"@type\":\"ImageObject\",\"inLanguage\":\"es\",\"@id\":\"https:\/\/www.eamhr.com\/services\/human-resources\/#primaryimage\",\"url\":\"https:\/\/www.eamhr.com\/archivos\/2024\/02\/EAM.jpg\",\"contentUrl\":\"https:\/\/www.eamhr.com\/archivos\/2024\/02\/EAM.jpg\",\"width\":1200,\"height\":1200,\"caption\":\"Staffing agency in Texas\"},{\"@type\":\"BreadcrumbList\",\"@id\":\"https:\/\/www.eamhr.com\/services\/human-resources\/#breadcrumb\",\"itemListElement\":[{\"@type\":\"ListItem\",\"position\":1,\"name\":\"Home\",\"item\":\"https:\/\/www.eamhr.com\/\"},{\"@type\":\"ListItem\",\"position\":2,\"name\":\"Services\",\"item\":\"https:\/\/www.eamhr.com\/services\/\"},{\"@type\":\"ListItem\",\"position\":3,\"name\":\"Human Resources\"}]},{\"@type\":\"WebSite\",\"@id\":\"https:\/\/www.eamhr.com\/#website\",\"url\":\"https:\/\/www.eamhr.com\/\",\"name\":\"EAM Human Resources\",\"description\":\"Human Resources\",\"publisher\":{\"@id\":\"https:\/\/www.eamhr.com\/#organization\"},\"alternateName\":\"Human Resources\",\"potentialAction\":[{\"@type\":\"SearchAction\",\"target\":{\"@type\":\"EntryPoint\",\"urlTemplate\":\"https:\/\/www.eamhr.com\/?s={search_term_string}\"},\"query-input\":{\"@type\":\"PropertyValueSpecification\",\"valueRequired\":true,\"valueName\":\"search_term_string\"}}],\"inLanguage\":\"es\"},{\"@type\":\"Organization\",\"@id\":\"https:\/\/www.eamhr.com\/#organization\",\"name\":\"EAM Human Resources\",\"url\":\"https:\/\/www.eamhr.com\/\",\"logo\":{\"@type\":\"ImageObject\",\"inLanguage\":\"es\",\"@id\":\"https:\/\/www.eamhr.com\/#\/schema\/logo\/image\/\",\"url\":\"https:\/\/eamhr.com\/wp-content\/uploads\/2024\/02\/EAM.jpg\",\"contentUrl\":\"https:\/\/eamhr.com\/wp-content\/uploads\/2024\/02\/EAM.jpg\",\"width\":1200,\"height\":1200,\"caption\":\"EAM Human Resources\"},\"image\":{\"@id\":\"https:\/\/www.eamhr.com\/#\/schema\/logo\/image\/\"},\"sameAs\":[\"https:\/\/www.facebook.com\/eamhumanresources\/\",\"https:\/\/x.com\/EAMHR\",\"http:\/\/linkedin.com\/in\/eam-human-resources-543b0b96\"]}]}<\/script>\n","yoast_head_json":{"title":"EAM Human Resources | Human Resources","robots":{"index":"index","follow":"follow","max-snippet":"max-snippet:-1","max-image-preview":"max-image-preview:large","max-video-preview":"max-video-preview:-1"},"canonical":"https:\/\/www.eamhr.com\/es\/services\/human-resources\/","og_locale":"es_ES","og_type":"article","og_title":"EAM Human Resources | Human Resources","og_url":"https:\/\/www.eamhr.com\/es\/services\/human-resources\/","og_site_name":"EAM Human Resources","article_publisher":"https:\/\/www.facebook.com\/eamhumanresources\/","article_modified_time":"2024-02-16T17:23:03+00:00","og_image":[{"width":1200,"height":1200,"url":"https:\/\/www.eamhr.com\/archivos\/2024\/02\/EAM.jpg","type":"image\/jpeg"}],"twitter_card":"summary_large_image","twitter_site":"@EAMHR","twitter_misc":{"Tiempo de lectura":"2 minutos"},"schema":{"@context":"https:\/\/schema.org","@graph":[{"@type":"WebPage","@id":"https:\/\/www.eamhr.com\/services\/human-resources\/","url":"https:\/\/www.eamhr.com\/services\/human-resources\/","name":"EAM Human Resources | Human Resources","isPartOf":{"@id":"https:\/\/www.eamhr.com\/#website"},"primaryImageOfPage":{"@id":"https:\/\/www.eamhr.com\/services\/human-resources\/#primaryimage"},"image":{"@id":"https:\/\/www.eamhr.com\/services\/human-resources\/#primaryimage"},"thumbnailUrl":"https:\/\/www.eamhr.com\/archivos\/2024\/02\/EAM.jpg","datePublished":"2024-02-15T21:56:19+00:00","dateModified":"2024-02-16T17:23:03+00:00","breadcrumb":{"@id":"https:\/\/www.eamhr.com\/services\/human-resources\/#breadcrumb"},"inLanguage":"es","potentialAction":[{"@type":"ReadAction","target":["https:\/\/www.eamhr.com\/services\/human-resources\/"]}]},{"@type":"ImageObject","inLanguage":"es","@id":"https:\/\/www.eamhr.com\/services\/human-resources\/#primaryimage","url":"https:\/\/www.eamhr.com\/archivos\/2024\/02\/EAM.jpg","contentUrl":"https:\/\/www.eamhr.com\/archivos\/2024\/02\/EAM.jpg","width":1200,"height":1200,"caption":"Staffing agency in Texas"},{"@type":"BreadcrumbList","@id":"https:\/\/www.eamhr.com\/services\/human-resources\/#breadcrumb","itemListElement":[{"@type":"ListItem","position":1,"name":"Home","item":"https:\/\/www.eamhr.com\/"},{"@type":"ListItem","position":2,"name":"Services","item":"https:\/\/www.eamhr.com\/services\/"},{"@type":"ListItem","position":3,"name":"Human Resources"}]},{"@type":"WebSite","@id":"https:\/\/www.eamhr.com\/#website","url":"https:\/\/www.eamhr.com\/","name":"EAM Human Resources","description":"Human Resources","publisher":{"@id":"https:\/\/www.eamhr.com\/#organization"},"alternateName":"Human Resources","potentialAction":[{"@type":"SearchAction","target":{"@type":"EntryPoint","urlTemplate":"https:\/\/www.eamhr.com\/?s={search_term_string}"},"query-input":{"@type":"PropertyValueSpecification","valueRequired":true,"valueName":"search_term_string"}}],"inLanguage":"es"},{"@type":"Organization","@id":"https:\/\/www.eamhr.com\/#organization","name":"EAM Human Resources","url":"https:\/\/www.eamhr.com\/","logo":{"@type":"ImageObject","inLanguage":"es","@id":"https:\/\/www.eamhr.com\/#\/schema\/logo\/image\/","url":"https:\/\/eamhr.com\/wp-content\/uploads\/2024\/02\/EAM.jpg","contentUrl":"https:\/\/eamhr.com\/wp-content\/uploads\/2024\/02\/EAM.jpg","width":1200,"height":1200,"caption":"EAM Human Resources"},"image":{"@id":"https:\/\/www.eamhr.com\/#\/schema\/logo\/image\/"},"sameAs":["https:\/\/www.facebook.com\/eamhumanresources\/","https:\/\/x.com\/EAMHR","http:\/\/linkedin.com\/in\/eam-human-resources-543b0b96"]}]}},"_links":{"self":[{"href":"https:\/\/www.eamhr.com\/es\/wp-json\/wp\/v2\/pages\/120","targetHints":{"allow":["GET"]}}],"collection":[{"href":"https:\/\/www.eamhr.com\/es\/wp-json\/wp\/v2\/pages"}],"about":[{"href":"https:\/\/www.eamhr.com\/es\/wp-json\/wp\/v2\/types\/page"}],"author":[{"embeddable":true,"href":"https:\/\/www.eamhr.com\/es\/wp-json\/wp\/v2\/users\/1"}],"replies":[{"embeddable":true,"href":"https:\/\/www.eamhr.com\/es\/wp-json\/wp\/v2\/comments?post=120"}],"version-history":[{"count":0,"href":"https:\/\/www.eamhr.com\/es\/wp-json\/wp\/v2\/pages\/120\/revisions"}],"up":[{"embeddable":true,"href":"https:\/\/www.eamhr.com\/es\/wp-json\/wp\/v2\/pages\/111"}],"wp:featuredmedia":[{"embeddable":true,"href":"https:\/\/www.eamhr.com\/es\/wp-json\/wp\/v2\/media\/16"}],"wp:attachment":[{"href":"https:\/\/www.eamhr.com\/es\/wp-json\/wp\/v2\/media?parent=120"}],"curies":[{"name":"wp","href":"https:\/\/api.w.org\/{rel}","templated":true}]}}