{"id":123,"date":"2024-02-15T15:56:46","date_gmt":"2024-02-15T21:56:46","guid":{"rendered":"https:\/\/eamhr.com\/?page_id=123"},"modified":"2024-02-16T11:22:47","modified_gmt":"2024-02-16T17:22:47","slug":"it-consulting","status":"publish","type":"page","link":"https:\/\/www.eamhr.com\/es\/services\/it-consulting\/","title":{"rendered":"Consultor\u00eda de IT"},"content":{"rendered":"<section class=\"l-section wpb_row us_custom_a518f36e us_animate_this height_large with_img parallax_ver\"><div class=\"l-section-img\" role=\"img\" data-img-width=\"1920\" data-img-height=\"1280\" style=\"background-image: url(https:\/\/www.eamhr.com\/archivos\/2024\/02\/cover.webp);background-repeat: no-repeat;\"><\/div><div class=\"l-section-overlay\" style=\"background:rgba(0,0,0,0.35)\"><\/div><div class=\"l-section-h i-cf\"><div class=\"g-cols vc_row via_flex valign_top type_default stacking_default\"><div class=\"vc_col-sm-2 wpb_column vc_column_container\"><div class=\"vc_column-inner\"><div class=\"wpb_wrapper\"><\/div><\/div><\/div><div class=\"vc_col-sm-8 wpb_column vc_column_container\"><div class=\"vc_column-inner\"><div class=\"wpb_wrapper\"><p class=\"w-text us_custom_60b5b499 has_text_color us_animate_this\"><span class=\"w-text-h\"><span class=\"w-text-value\">Servicios<\/span><\/span><\/p><nav class=\"g-breadcrumbs us_custom_61551293 has_text_color us_animate_this separator_icon align_none\" itemscope itemtype=\"http:\/\/schema.org\/BreadcrumbList\"><div class=\"g-breadcrumbs-item\" itemscope itemprop=\"itemListElement\" itemtype=\"http:\/\/schema.org\/ListItem\"><a itemprop=\"item\" href=\"https:\/\/www.eamhr.com\/es\/\"><span itemprop=\"name\">Inicio<\/span><\/a><meta itemprop=\"position\" content=\"1\"\/><\/div><div class=\"g-breadcrumbs-separator\"><i class=\"far fa-angle-right\"><\/i><\/div><div class=\"g-breadcrumbs-item\">P\u00e1ginas<\/div><\/nav><\/div><\/div><\/div><div class=\"vc_col-sm-2 wpb_column vc_column_container\"><div class=\"vc_column-inner\"><div class=\"wpb_wrapper\"><\/div><\/div><\/div><\/div><\/div><\/section><section class=\"l-section wpb_row height_large\"><div class=\"l-section-h i-cf\"><div class=\"g-cols vc_row via_flex valign_top type_default stacking_default\"><div class=\"vc_col-sm-12 wpb_column vc_column_container\"><div class=\"vc_column-inner\"><div class=\"wpb_wrapper\"><div class=\"w-separator hide_on_default hide_on_laptops size_medium\"><\/div><div class=\"g-cols wpb_row via_flex valign_top type_default stacking_default\"><div class=\"vc_col-sm-8 wpb_column vc_column_container\"><div class=\"vc_column-inner us_custom_4ef5d869 us_animate_this\"><div class=\"wpb_wrapper\"><div class=\"w-image align_none\"><div class=\"w-image-h\"><img loading=\"lazy\" decoding=\"async\" width=\"1024\" height=\"512\" src=\"https:\/\/www.eamhr.com\/archivos\/2024\/02\/service-it-1024x512.webp\" class=\"attachment-large size-large\" alt=\"\" srcset=\"https:\/\/www.eamhr.com\/archivos\/2024\/02\/service-it-1024x512.webp 1024w, https:\/\/www.eamhr.com\/archivos\/2024\/02\/service-it-300x150.webp 300w, https:\/\/www.eamhr.com\/archivos\/2024\/02\/service-it-18x9.webp 18w, https:\/\/www.eamhr.com\/archivos\/2024\/02\/service-it.webp 1920w\" sizes=\"auto, (max-width: 1024px) 100vw, 1024px\" \/><\/div><\/div><div class=\"w-separator size_medium\"><\/div><h2 class=\"w-post-elm post_title us_custom_020cd594 has_text_color entry-title color_link_inherit\">Consultor\u00eda de IT<\/h2><div class=\"wpb_text_column\"><div class=\"wpb_wrapper\"><p>En EAM HR, ofrecemos el servicio de <strong>consultor\u00eda de IT<\/strong> que ayudan a las organizaciones a alcanzar sus objetivos y superar sus desaf\u00edos. Ya sea que necesite dise\u00f1ar una nueva estrategia tecnol\u00f3gica, implementar un proyecto complejo o mejorar sus sistemas existentes, tenemos los conocimientos y la experiencia para guiarlo en cada paso del proceso.<\/p>\n<p>Entendemos las necesidades y requisitos espec\u00edficos de cada industria y adaptamos nuestras soluciones en consecuencia. Tambi\u00e9n nos mantenemos al d\u00eda con las \u00faltimas tendencias y tecnolog\u00edas, para garantizar que nuestros clientes se mantengan a la vanguardia y obtengan una ventaja competitiva.<\/p>\n<p>Nuestro equipo de consultor\u00eda de IT est\u00e1 formado por profesionales altamente calificados y certificados que tienen un historial comprobado de brindar resultados exitosos. Colaboramos estrechamente con nuestros clientes, escuchando sus necesidades, entendiendo su visi\u00f3n y brind\u00e1ndoles un asesoramiento honesto y objetivo.<\/p>\n<p>Si est\u00e1 buscando asesoramiento de expertos sobre estrategia, implementaci\u00f3n y mejora tecnol\u00f3gica para su organizaci\u00f3n, no busque m\u00e1s que EAM HR. Cont\u00e1ctenos hoy y perm\u00edtanos ayudarlo a transformar su panorama de IT.<\/p>\n<\/div><\/div><div class=\"w-separator size_small\"><\/div><div class=\"w-btn-wrapper align_none\"><a class=\"w-btn us-btn-style_1 icon_atright\" href=\"https:\/\/www.eamhr.com\/es\/contact\/\"><span class=\"w-btn-label\">Obtener Cotizaci\u00f3n<\/span><i class=\"fal fa-long-arrow-right\"><\/i><\/a><\/div><\/div><\/div><\/div><div class=\"vc_col-sm-4 wpb_column vc_column_container  hide_on_tablets hide_on_mobiles\"><div class=\"vc_column-inner us_custom_3e9d1bc9 us_animate_this type_sticky\"><div class=\"wpb_wrapper\"><div class=\"w-vwrapper us_custom_b01fa1bf align_none valign_top\" style=\"--vwrapper-gap:1rem\"><p class=\"w-text us_custom_e51f155c has_text_color\"><span class=\"w-text-h\"><span class=\"w-text-value\">Servicios<\/span><\/span><\/p><nav class=\"w-menu us_custom_85b2d2c9 has_text_color layout_ver style_blocks us_menu_1\" style=\"--main-gap:1rem;--main-ver-indent:18px;--main-hor-indent:20px;--main-bg-color:var(--color-content-bg-alt);--main-color:inherit;--main-hover-color:var(--color-content-primary);--main-active-bg-color:var(--color-content-primary);--main-active-color:#ffffff;\"><ul id=\"menu-services\" class=\"menu\"><li id=\"menu-item-196\" class=\"menu-item menu-item-type-post_type menu-item-object-page menu-item-196\"><a href=\"https:\/\/www.eamhr.com\/es\/services\/candidates-search\/\">Reclutamiento<\/a><\/li><li id=\"menu-item-195\" class=\"menu-item menu-item-type-post_type menu-item-object-page menu-item-195\"><a href=\"https:\/\/www.eamhr.com\/es\/services\/selection-hiring\/\">Selecci\u00f3n<\/a><\/li><li id=\"menu-item-194\" class=\"menu-item menu-item-type-post_type menu-item-object-page menu-item-194\"><a href=\"https:\/\/www.eamhr.com\/es\/services\/human-resources\/\">Recursos Humanos<\/a><\/li><li id=\"menu-item-193\" class=\"menu-item menu-item-type-post_type menu-item-object-page menu-item-193\"><a href=\"https:\/\/www.eamhr.com\/es\/services\/it-consulting\/\">Consultor\u00eda de IT<\/a><\/li><li id=\"menu-item-290\" class=\"menu-item menu-item-type-post_type menu-item-object-page menu-item-290\"><a href=\"https:\/\/www.eamhr.com\/es\/services\/job-references\/\">Referencias laborales<\/a><\/li><\/ul><style>@media ( max-width:600px ){.us_menu_1 .menu{display:block!important}.us_menu_1 .menu>li{margin:0 0 var(--main-gap,1rem)!important}}<\/style><\/nav><\/div><\/div><\/div><\/div><\/div><\/div><\/div><\/div><\/div><\/div><\/section>","protected":false},"excerpt":{"rendered":"ServicesInicioP\u00e1ginasIT ConsultingAt EAM HR, we offer IT consulting services that help organizations achieve their goals and overcome their challenges. Whether you need to design a new tech strategy, implement a complex project, or enhance your existing systems, we have the expertise and experience to guide you through every step of the process. We understand the...","protected":false},"author":1,"featured_media":16,"parent":111,"menu_order":0,"comment_status":"closed","ping_status":"closed","template":"","meta":{"footnotes":""},"class_list":["post-123","page","type-page","status-publish","has-post-thumbnail","hentry"],"yoast_head":"\n<title>EAM Human Resources | IT Consulting<\/title>\n<meta name=\"robots\" content=\"index, follow, max-snippet:-1, max-image-preview:large, max-video-preview:-1\" \/>\n<link rel=\"canonical\" href=\"https:\/\/www.eamhr.com\/es\/services\/it-consulting\/\" \/>\n<meta property=\"og:locale\" content=\"es_ES\" \/>\n<meta property=\"og:type\" content=\"article\" \/>\n<meta property=\"og:title\" content=\"EAM Human Resources | IT Consulting\" \/>\n<meta property=\"og:url\" content=\"https:\/\/www.eamhr.com\/es\/services\/it-consulting\/\" \/>\n<meta property=\"og:site_name\" content=\"EAM Human Resources\" \/>\n<meta property=\"article:publisher\" content=\"https:\/\/www.facebook.com\/eamhumanresources\/\" \/>\n<meta property=\"article:modified_time\" content=\"2024-02-16T17:22:47+00:00\" \/>\n<meta property=\"og:image\" content=\"https:\/\/www.eamhr.com\/archivos\/2024\/02\/EAM.jpg\" \/>\n\t<meta property=\"og:image:width\" content=\"1200\" \/>\n\t<meta property=\"og:image:height\" content=\"1200\" \/>\n\t<meta property=\"og:image:type\" content=\"image\/jpeg\" \/>\n<meta name=\"twitter:card\" content=\"summary_large_image\" \/>\n<meta name=\"twitter:site\" content=\"@EAMHR\" \/>\n<meta name=\"twitter:label1\" content=\"Tiempo de lectura\" \/>\n\t<meta name=\"twitter:data1\" content=\"2 minutos\" \/>\n<script type=\"application\/ld+json\" class=\"yoast-schema-graph\">{\"@context\":\"https:\/\/schema.org\",\"@graph\":[{\"@type\":\"WebPage\",\"@id\":\"https:\/\/www.eamhr.com\/services\/it-consulting\/\",\"url\":\"https:\/\/www.eamhr.com\/services\/it-consulting\/\",\"name\":\"EAM Human Resources | IT Consulting\",\"isPartOf\":{\"@id\":\"https:\/\/www.eamhr.com\/#website\"},\"primaryImageOfPage\":{\"@id\":\"https:\/\/www.eamhr.com\/services\/it-consulting\/#primaryimage\"},\"image\":{\"@id\":\"https:\/\/www.eamhr.com\/services\/it-consulting\/#primaryimage\"},\"thumbnailUrl\":\"https:\/\/www.eamhr.com\/archivos\/2024\/02\/EAM.jpg\",\"datePublished\":\"2024-02-15T21:56:46+00:00\",\"dateModified\":\"2024-02-16T17:22:47+00:00\",\"breadcrumb\":{\"@id\":\"https:\/\/www.eamhr.com\/services\/it-consulting\/#breadcrumb\"},\"inLanguage\":\"es\",\"potentialAction\":[{\"@type\":\"ReadAction\",\"target\":[\"https:\/\/www.eamhr.com\/services\/it-consulting\/\"]}]},{\"@type\":\"ImageObject\",\"inLanguage\":\"es\",\"@id\":\"https:\/\/www.eamhr.com\/services\/it-consulting\/#primaryimage\",\"url\":\"https:\/\/www.eamhr.com\/archivos\/2024\/02\/EAM.jpg\",\"contentUrl\":\"https:\/\/www.eamhr.com\/archivos\/2024\/02\/EAM.jpg\",\"width\":1200,\"height\":1200,\"caption\":\"Staffing agency in Texas\"},{\"@type\":\"BreadcrumbList\",\"@id\":\"https:\/\/www.eamhr.com\/services\/it-consulting\/#breadcrumb\",\"itemListElement\":[{\"@type\":\"ListItem\",\"position\":1,\"name\":\"Home\",\"item\":\"https:\/\/www.eamhr.com\/\"},{\"@type\":\"ListItem\",\"position\":2,\"name\":\"Services\",\"item\":\"https:\/\/www.eamhr.com\/services\/\"},{\"@type\":\"ListItem\",\"position\":3,\"name\":\"IT Consulting\"}]},{\"@type\":\"WebSite\",\"@id\":\"https:\/\/www.eamhr.com\/#website\",\"url\":\"https:\/\/www.eamhr.com\/\",\"name\":\"EAM Human Resources\",\"description\":\"Human Resources\",\"publisher\":{\"@id\":\"https:\/\/www.eamhr.com\/#organization\"},\"alternateName\":\"Human Resources\",\"potentialAction\":[{\"@type\":\"SearchAction\",\"target\":{\"@type\":\"EntryPoint\",\"urlTemplate\":\"https:\/\/www.eamhr.com\/?s={search_term_string}\"},\"query-input\":{\"@type\":\"PropertyValueSpecification\",\"valueRequired\":true,\"valueName\":\"search_term_string\"}}],\"inLanguage\":\"es\"},{\"@type\":\"Organization\",\"@id\":\"https:\/\/www.eamhr.com\/#organization\",\"name\":\"EAM Human Resources\",\"url\":\"https:\/\/www.eamhr.com\/\",\"logo\":{\"@type\":\"ImageObject\",\"inLanguage\":\"es\",\"@id\":\"https:\/\/www.eamhr.com\/#\/schema\/logo\/image\/\",\"url\":\"https:\/\/eamhr.com\/wp-content\/uploads\/2024\/02\/EAM.jpg\",\"contentUrl\":\"https:\/\/eamhr.com\/wp-content\/uploads\/2024\/02\/EAM.jpg\",\"width\":1200,\"height\":1200,\"caption\":\"EAM Human Resources\"},\"image\":{\"@id\":\"https:\/\/www.eamhr.com\/#\/schema\/logo\/image\/\"},\"sameAs\":[\"https:\/\/www.facebook.com\/eamhumanresources\/\",\"https:\/\/x.com\/EAMHR\",\"http:\/\/linkedin.com\/in\/eam-human-resources-543b0b96\"]}]}<\/script>\n","yoast_head_json":{"title":"EAM Human Resources | IT Consulting","robots":{"index":"index","follow":"follow","max-snippet":"max-snippet:-1","max-image-preview":"max-image-preview:large","max-video-preview":"max-video-preview:-1"},"canonical":"https:\/\/www.eamhr.com\/es\/services\/it-consulting\/","og_locale":"es_ES","og_type":"article","og_title":"EAM Human Resources | IT Consulting","og_url":"https:\/\/www.eamhr.com\/es\/services\/it-consulting\/","og_site_name":"EAM Human Resources","article_publisher":"https:\/\/www.facebook.com\/eamhumanresources\/","article_modified_time":"2024-02-16T17:22:47+00:00","og_image":[{"width":1200,"height":1200,"url":"https:\/\/www.eamhr.com\/archivos\/2024\/02\/EAM.jpg","type":"image\/jpeg"}],"twitter_card":"summary_large_image","twitter_site":"@EAMHR","twitter_misc":{"Tiempo de lectura":"2 minutos"},"schema":{"@context":"https:\/\/schema.org","@graph":[{"@type":"WebPage","@id":"https:\/\/www.eamhr.com\/services\/it-consulting\/","url":"https:\/\/www.eamhr.com\/services\/it-consulting\/","name":"EAM Human Resources | IT Consulting","isPartOf":{"@id":"https:\/\/www.eamhr.com\/#website"},"primaryImageOfPage":{"@id":"https:\/\/www.eamhr.com\/services\/it-consulting\/#primaryimage"},"image":{"@id":"https:\/\/www.eamhr.com\/services\/it-consulting\/#primaryimage"},"thumbnailUrl":"https:\/\/www.eamhr.com\/archivos\/2024\/02\/EAM.jpg","datePublished":"2024-02-15T21:56:46+00:00","dateModified":"2024-02-16T17:22:47+00:00","breadcrumb":{"@id":"https:\/\/www.eamhr.com\/services\/it-consulting\/#breadcrumb"},"inLanguage":"es","potentialAction":[{"@type":"ReadAction","target":["https:\/\/www.eamhr.com\/services\/it-consulting\/"]}]},{"@type":"ImageObject","inLanguage":"es","@id":"https:\/\/www.eamhr.com\/services\/it-consulting\/#primaryimage","url":"https:\/\/www.eamhr.com\/archivos\/2024\/02\/EAM.jpg","contentUrl":"https:\/\/www.eamhr.com\/archivos\/2024\/02\/EAM.jpg","width":1200,"height":1200,"caption":"Staffing agency in Texas"},{"@type":"BreadcrumbList","@id":"https:\/\/www.eamhr.com\/services\/it-consulting\/#breadcrumb","itemListElement":[{"@type":"ListItem","position":1,"name":"Home","item":"https:\/\/www.eamhr.com\/"},{"@type":"ListItem","position":2,"name":"Services","item":"https:\/\/www.eamhr.com\/services\/"},{"@type":"ListItem","position":3,"name":"IT Consulting"}]},{"@type":"WebSite","@id":"https:\/\/www.eamhr.com\/#website","url":"https:\/\/www.eamhr.com\/","name":"EAM Human Resources","description":"Human Resources","publisher":{"@id":"https:\/\/www.eamhr.com\/#organization"},"alternateName":"Human Resources","potentialAction":[{"@type":"SearchAction","target":{"@type":"EntryPoint","urlTemplate":"https:\/\/www.eamhr.com\/?s={search_term_string}"},"query-input":{"@type":"PropertyValueSpecification","valueRequired":true,"valueName":"search_term_string"}}],"inLanguage":"es"},{"@type":"Organization","@id":"https:\/\/www.eamhr.com\/#organization","name":"EAM Human Resources","url":"https:\/\/www.eamhr.com\/","logo":{"@type":"ImageObject","inLanguage":"es","@id":"https:\/\/www.eamhr.com\/#\/schema\/logo\/image\/","url":"https:\/\/eamhr.com\/wp-content\/uploads\/2024\/02\/EAM.jpg","contentUrl":"https:\/\/eamhr.com\/wp-content\/uploads\/2024\/02\/EAM.jpg","width":1200,"height":1200,"caption":"EAM Human Resources"},"image":{"@id":"https:\/\/www.eamhr.com\/#\/schema\/logo\/image\/"},"sameAs":["https:\/\/www.facebook.com\/eamhumanresources\/","https:\/\/x.com\/EAMHR","http:\/\/linkedin.com\/in\/eam-human-resources-543b0b96"]}]}},"_links":{"self":[{"href":"https:\/\/www.eamhr.com\/es\/wp-json\/wp\/v2\/pages\/123","targetHints":{"allow":["GET"]}}],"collection":[{"href":"https:\/\/www.eamhr.com\/es\/wp-json\/wp\/v2\/pages"}],"about":[{"href":"https:\/\/www.eamhr.com\/es\/wp-json\/wp\/v2\/types\/page"}],"author":[{"embeddable":true,"href":"https:\/\/www.eamhr.com\/es\/wp-json\/wp\/v2\/users\/1"}],"replies":[{"embeddable":true,"href":"https:\/\/www.eamhr.com\/es\/wp-json\/wp\/v2\/comments?post=123"}],"version-history":[{"count":0,"href":"https:\/\/www.eamhr.com\/es\/wp-json\/wp\/v2\/pages\/123\/revisions"}],"up":[{"embeddable":true,"href":"https:\/\/www.eamhr.com\/es\/wp-json\/wp\/v2\/pages\/111"}],"wp:featuredmedia":[{"embeddable":true,"href":"https:\/\/www.eamhr.com\/es\/wp-json\/wp\/v2\/media\/16"}],"wp:attachment":[{"href":"https:\/\/www.eamhr.com\/es\/wp-json\/wp\/v2\/media?parent=123"}],"curies":[{"name":"wp","href":"https:\/\/api.w.org\/{rel}","templated":true}]}}